{"id":180,"date":"2015-07-31T05:11:06","date_gmt":"2015-07-31T02:11:06","guid":{"rendered":"http:\/\/canbekcan.com\/?page_id=180"},"modified":"2015-07-31T05:11:06","modified_gmt":"2015-07-31T02:11:06","slug":"my-works","status":"publish","type":"page","link":"https:\/\/canbekcan.com\/en\/my-works\/","title":{"rendered":"My Works"},"content":{"rendered":"<div class=\"wpb-content-wrapper\"><p>[vc_section css=&#8221;.vc_custom_1657891863813{border-bottom-width: 5px !important;padding-right: 40px !important;padding-left: 40px !important;background-color: #2b2b2b !important;border-bottom-color: #dd3333 !important;border-bottom-style: solid !important;}&#8221;][vc_row css=&#8221;.vc_custom_1646562580478{padding-right: 40px !important;padding-left: 40px !important;}&#8221;][vc_column][vc_empty_space height=&#8221;40px&#8221;][vc_custom_heading source=&#8221;post_title&#8221; font_container=&#8221;tag:h1|text_align:left|color:%23ffffff&#8221;][vc_column_text]<span style=\"color: #ffffff\">In order to increase the awareness of your company, first of all, your corporate identity should be well prepared. At this point, in the service I will provide to you consultancy on preparing your corporate identity from the beginning and creating investment plans by analyzing your competitors in the sector you work in.<\/span>[\/vc_column_text][vc_empty_space height=&#8221;40px&#8221;][\/vc_column][\/vc_row][\/vc_section][vc_section css=&#8221;.vc_custom_1646562486122{padding-right: 40px !important;padding-left: 40px !important;}&#8221;][vc_row css=&#8221;.vc_custom_1646562551401{padding-right: 40px !important;padding-left: 40px !important;}&#8221;][vc_column width=&#8221;1\/2&#8243;][vc_cta h2=&#8221;Social Media Management&#8221; style=&#8221;flat&#8221; color=&#8221;black&#8221; add_button=&#8221;right&#8221; btn_title=&#8221;WhatsApp&#8221; btn_style=&#8221;flat&#8221; btn_color=&#8221;green&#8221; btn_i_icon_fontawesome=&#8221;fab fa-whatsapp&#8221; btn_add_icon=&#8221;true&#8221; btn_link=&#8221;url:https%3A%2F%2Fwa.me%2Fmessage%2FKMRNTD3TGYRDD1|target:_blank&#8221;]You can visit Social Media Management to see the services provided for hosting the content, organizing and reporting the shares. Contact me for detailed information.[\/vc_cta][vc_cta h2=&#8221;Site Design&#8221; style=&#8221;flat&#8221; color=&#8221;sky&#8221; add_button=&#8221;right&#8221; btn_title=&#8221;WhatsApp&#8221; btn_style=&#8221;flat&#8221; btn_color=&#8221;white&#8221; btn_i_icon_fontawesome=&#8221;fab fa-whatsapp&#8221; btn_add_icon=&#8221;true&#8221; btn_link=&#8221;url:https%3A%2F%2Fwa.me%2Fmessage%2FKMRNTD3TGYRDD1|target:_blank&#8221;]I provide services in the preparation and content production of your corporate and personal web pages. You can contact me for more information.[\/vc_cta][vc_empty_space height=&#8221;10&#8243;][\/vc_column][vc_column width=&#8221;1\/2&#8243;]<h2 class=\"fac-title text-center\" style=\"color:#4b4b4b\">Efficiencies<\/h2>\n[vc_progress_bar values=&#8221;%5B%7B%22label%22%3A%22SEO%22%2C%22value%22%3A%2295%22%7D%2C%7B%22label%22%3A%22Content%20Provide%22%2C%22value%22%3A%2290%22%7D%2C%7B%22label%22%3A%22Adobe%20Primere%22%2C%22value%22%3A%2290%22%7D%2C%7B%22label%22%3A%22Adobe%20Illustrator%22%2C%22value%22%3A%2280%22%7D%2C%7B%22label%22%3A%22Adobe%20InDesign%22%2C%22value%22%3A%2280%22%7D%2C%7B%22label%22%3A%22Adobe%20Photoshop%22%2C%22value%22%3A%2270%22%7D%2C%7B%22label%22%3A%22Adobe%20After%20Effects%22%2C%22value%22%3A%2270%22%7D%2C%7B%22label%22%3A%22Adobe%20Audition%22%2C%22value%22%3A%2270%22%7D%2C%7B%22label%22%3A%22HTML%22%2C%22value%22%3A%2290%22%7D%2C%7B%22label%22%3A%22CSS%22%2C%22value%22%3A%2280%22%7D%2C%7B%22label%22%3A%22PHP%22%2C%22value%22%3A%2260%22%7D%2C%7B%22label%22%3A%22MySQL%22%2C%22value%22%3A%2250%22%7D%5D&#8221; bgcolor=&#8221;bar_turquoise&#8221; options=&#8221;striped,animated&#8221;][vc_empty_space height=&#8221;10&#8243;][\/vc_column][\/vc_row][vc_row css=&#8221;.vc_custom_1657893108597{padding-right: 40px !important;padding-left: 40px !important;}&#8221;][vc_column width=&#8221;1\/2&#8243;]<h2 class=\"fac-title text-center\" style=\"color:#4b4b4b\">I do as Communication Specialist<\/h2>\n[vc_column_text]<\/p>\n<ul>\n<li>Making plans of corporate identity work,<\/li>\n<li>Process planning of marketing and brand management,<\/li>\n<li>Budget allocation of brand management and report,<\/li>\n<li>Budget allocation of advertisement, promotion and free gift according to market,<\/li>\n<li>Coordinate relations between PR agency, digital agency, creative agency with company and brief all plans,<\/li>\n<li>Preparing written materials concordantly,<\/li>\n<li>Preparation of in-house visual documents,<\/li>\n<li>Organise all printings and pursue,<\/li>\n<li>Renewing the brand&#8217;s social media reach, undertaking projects and applications to complete the process, follow-up and management<\/li>\n<\/ul>\n<p>[\/vc_column_text][\/vc_column][vc_column width=&#8221;1\/2&#8243;]<h2 class=\"fac-title text-center\" style=\"color:#4b4b4b\">Work on Project Basis<\/h2>\n[vc_toggle title=&#8221;SEO for webpages&#8221; custom_font_container=&#8221;tag:h4|text_align:left&#8221; custom_use_theme_fonts=&#8221;yes&#8221; use_custom_heading=&#8221;true&#8221;]I provide SEO services to optimize for Google search engine.[\/vc_toggle][vc_toggle title=&#8221;Content Provide&#8221; custom_font_container=&#8221;tag:h4|text_align:left&#8221; custom_use_theme_fonts=&#8221;yes&#8221; use_custom_heading=&#8221;true&#8221;]Content is more important for the webpage to get hits, and I provide contents according to your needs.[\/vc_toggle][vc_toggle title=&#8221;Graphic Design&#8221; custom_font_container=&#8221;tag:h4|text_align:left&#8221; custom_use_theme_fonts=&#8221;yes&#8221; use_custom_heading=&#8221;true&#8221;]I provide graphic design depending on your company&#8217;s needs. Ex.; logo, layer, brochure, letterhead, etc.[\/vc_toggle][vc_toggle title=&#8221;Photo Editing&#8221; custom_font_container=&#8221;tag:h4|text_align:left&#8221; custom_use_theme_fonts=&#8221;yes&#8221; use_custom_heading=&#8221;true&#8221;]I offer services for you photos like retouch, color correction, positioning, etc.[\/vc_toggle][vc_toggle title=&#8221;Video Editing&#8221; custom_font_container=&#8221;tag:h4|text_align:left&#8221; custom_use_theme_fonts=&#8221;yes&#8221; use_custom_heading=&#8221;true&#8221;]I offer video editing service. According to your project, I edit your video in a professional way.[\/vc_toggle][vc_toggle title=&#8221;Magazine, Newspaper, Book and ePub Design&#8221; custom_font_container=&#8221;tag:h4|text_align:left&#8221; custom_use_theme_fonts=&#8221;yes&#8221; use_custom_heading=&#8221;true&#8221;]According to your project, I can prepare your product with special layouts.[\/vc_toggle][\/vc_column][\/vc_row][\/vc_section][vc_row css=&#8221;.vc_custom_1668553696992{padding-right: 40px !important;padding-left: 40px !important;}&#8221;][vc_column][vc_tta_tabs][vc_tta_section i_icon_fontawesome=&#8221;fas fa-users&#8221; add_icon=&#8221;true&#8221; title=&#8221;Social Media Management&#8221; tab_id=&#8221;SNSs&#8221;][vc_text_separator title=&#8221;Present&#8221;][vc_gallery type=&#8221;image_grid&#8221; source=&#8221;external_link&#8221; external_img_size=&#8221;100&#215;100&#8243; onclick=&#8221;custom_link&#8221; custom_links_target=&#8221;_blank&#8221; custom_srcs=&#8221;#E-8_aHR0cHMlM0ElMkYlMkZ3d3cuY2FuYmVrY2FuLmNvbSUyRndwLWNvbnRlbnQlMkZ1cGxvYWRzJTJGMjAyMiUyRjExJTJGVGl5YXRyby1Ba2xhLUthcmEtTG9nby5wbmclMkNodHRwcyUzQSUyRiUyRnd3dy5jYW5iZWtjYW4uY29tJTJGd3AtY29udGVudCUyRnVwbG9hZHMlMkYyMDIyJTJGMTElMkZDRE0tTG9nby5wbmc=&#8221; custom_links=&#8221;#E-8_aHR0cHMlM0ElMkYlMkZ3d3cuaW5zdGFncmFtLmNvbSUyRnRpeWF0cm9ha2xha2FyYSUyRiUyQ2h0dHBzJTNBJTJGJTJGd3d3Lmluc3RhZ3JhbS5jb20lMkZjeXBydXNkaXZlbWFnYXppbmUlMkY=&#8221;][vc_text_separator title=&#8221;Past&#8221;][vc_gallery type=&#8221;image_grid&#8221; source=&#8221;external_link&#8221; external_img_size=&#8221;100&#215;100&#8243; onclick=&#8221;custom_link&#8221; custom_links_target=&#8221;_blank&#8221; custom_srcs=&#8221;#E-8_aHR0cHMlM0ElMkYlMkZ3d3cuY2FuYmVrY2FuLmNvbSUyRndwLWNvbnRlbnQlMkZ1cGxvYWRzJTJGMjAyMiUyRjExJTJGREFVLUd1bmRlbS1HYXpldGVzaS1Mb2dvLnBuZyUyQ2h0dHBzJTNBJTJGJTJGd3d3LmNhbmJla2Nhbi5jb20lMkZ3cC1jb250ZW50JTJGdXBsb2FkcyUyRjIwMjIlMkYxMSUyRkNSQ1AtTG9nby5wbmclMkNodHRwcyUzQSUyRiUyRnd3dy5jYW5iZWtjYW4uY29tJTJGd3AtY29udGVudCUyRnVwbG9hZHMlMkYyMDIyJTJGMTElMkZZTUdBLUxvZ28uanBnJTJDaHR0cHMlM0ElMkYlMkZ3d3cuY2FuYmVrY2FuLmNvbSUyRndwLWNvbnRlbnQlMkZ1cGxvYWRzJTJGMjAyMiUyRjExJTJGRkNNUy1Mb2dvLmpwZw==&#8221; custom_links=&#8221;#E-8_aHR0cHMlM0ElMkYlMkZ3d3cuZmFjZWJvb2suY29tJTJGZGF1Z3VuZGVtJTJDaHR0cHMlM0ElMkYlMkZ3d3cuZmFjZWJvb2suY29tJTJGRU1VQ1JDUCUyRiUyQ2h0dHBzJTNBJTJGJTJGd3d3LmZhY2Vib29rLmNvbSUyRnByb2ZpbGUucGhwJTNGaWQlM0QxMDAwNDUxNDI3NjM5NjMlMkNodHRwcyUzQSUyRiUyRnd3dy5mYWNlYm9vay5jb20lMkZmYWN1bHR5b2Zjb21tdW5pY2F0aW9uJTJG&#8221;][\/vc_tta_section][vc_tta_section i_icon_fontawesome=&#8221;fas fa-pencil-alt&#8221; add_icon=&#8221;true&#8221; title=&#8221;Logos&#8221; tab_id=&#8221;logos&#8221;][vc_gallery type=&#8221;image_grid&#8221; images=&#8221;3481,205,208,211,376,795&#8243; img_size=&#8221;&#8221;][\/vc_tta_section][vc_tta_section i_icon_fontawesome=&#8221;fas fa-film&#8221; add_icon=&#8221;true&#8221; title=&#8221;Films and Documentaries&#8221; tab_id=&#8221;movies&#8221;][vc_text_separator title=&#8221;Short Films&#8221; title_align=&#8221;separator_align_left&#8221;][vc_column_text]My Name is ME &#8211;\u00a0<em><strong>9:00&#8242; &#8211;\u00a0Drama<\/strong><\/em>\u00a0&#8212;\u00a0<em>Co-Director<\/em><\/p>\n<p>K\u0131sa Yapmak<em>\u00a0&#8211;\u00a0<strong>10:42<\/strong>&#8216; &#8212;\u00a0<strong>Drama<\/strong>\u00a0&#8211; Producer \/ Director<\/em><\/p>\n<p>G\u00f6r\u00fc\u015f &#8211;\u00a0<strong>3:07<\/strong>&#8216; &#8211;\u00a0<em><strong>Drama<\/strong><\/em>\u00a0&#8212; <em>Director of Photography<\/em><\/p>\n<p>Acemi \u00c7apk\u0131n &#8211;\u00a0<strong>4:21<\/strong>&#8216; &#8211;\u00a0<em><strong>Comedy<\/strong><\/em>\u00a0&#8212;\u00a0<em>Cameraman<\/em><\/p>\n<p>Hamlet &#8211;\u00a0<strong>1:00<\/strong>&#8216; &#8211;\u00a0<em><strong>Fiction<\/strong><\/em>\u00a0&#8212; Producer \/ Director<\/p>\n<p>69 &#8211;\u00a0<strong>0:58<\/strong>&#8216; &#8211;\u00a0<em><strong>Experimental<\/strong><\/em>\u00a0&#8212; Producer \/ Director<\/p>\n<p>Bir Veledin Hikayesi &#8211;\u00a0<strong>1:18<\/strong>&#8216; &#8211;\u00a0<em><strong>Stopmotion<\/strong><\/em>\u00a0&#8212;\u00a0Editing<\/p>\n<p>K\u00fcfl\u00fc Ekmek &#8211;\u00a0<em><strong>6:00&#8242; &#8211; Drama<\/strong><\/em>\u00a0&#8212;\u00a0Director<\/p>\n<p>Face to Face &#8211;\u00a0<em><strong>2:00&#8242; &#8211; Fiction<\/strong><\/em>\u00a0&#8212;\u00a0Director<\/p>\n<p>Into My Mind &#8211;\u00a0<strong>1:30<\/strong>&#8216; &#8211;\u00a0<em><strong>Fiction<\/strong><\/em>\u00a0&#8212;\u00a0Producer \/ Director[\/vc_column_text][vc_text_separator title=&#8221;Documentaries&#8221; title_align=&#8221;separator_align_left&#8221;][vc_column_text]<em>Kelenderis Arheological Underwater Excavation<\/em>\u00a0\u2013\u00a0<strong>31:25<\/strong>\u2018 (TRT Belgesel, IzTV)<\/p>\n<p><em>Kaleburnu Archeological Underwater Survey\u00a0<\/em>\u2013\u00a0<strong>21:45<\/strong>\u2018\u00a0(TRT Belgesel, IzTV)[\/vc_column_text][\/vc_tta_section][vc_tta_section i_icon_fontawesome=&#8221;fas fa-book&#8221; add_icon=&#8221;true&#8221; title=&#8221;Book Design&#8221; tab_id=&#8221;books&#8221;][vc_row_inner][vc_column_inner width=&#8221;1\/6&#8243;][vc_single_image source=&#8221;external_link&#8221; alignment=&#8221;center&#8221; onclick=&#8221;custom_link&#8221; img_link_target=&#8221;_blank&#8221; link=&#8221;https:\/\/crcp.emu.edu.tr\/en\/conferences\/crcp-2018&#8243; custom_src=&#8221;https:\/\/crcp.emu.edu.tr\/en\/PublishingImages\/conference-2018\/TR%20Info.png&#8221;][\/vc_column_inner][vc_column_inner width=&#8221;1\/6&#8243;][vc_single_image image=&#8221;3337&#8243; img_size=&#8221;&#8221; alignment=&#8221;center&#8221; onclick=&#8221;custom_link&#8221; img_link_target=&#8221;_blank&#8221; link=&#8221;https:\/\/crcp.emu.edu.tr\/en\/conferences\/crcp-2014&#8243;][\/vc_column_inner][vc_column_inner width=&#8221;1\/6&#8243;][vc_single_image image=&#8221;1249&#8243; img_size=&#8221;&#8221; alignment=&#8221;center&#8221;][\/vc_column_inner][vc_column_inner width=&#8221;1\/6&#8243;][vc_single_image image=&#8221;796&#8243; img_size=&#8221;&#8221; alignment=&#8221;center&#8221; onclick=&#8221;custom_link&#8221; img_link_target=&#8221;_blank&#8221; link=&#8221;https:\/\/crcp.emu.edu.tr\/en\/conferences\/crcp-2007&#8243;][\/vc_column_inner][vc_column_inner width=&#8221;1\/6&#8243;][vc_single_image image=&#8221;797&#8243; img_size=&#8221;&#8221; alignment=&#8221;center&#8221;][\/vc_column_inner][vc_column_inner width=&#8221;1\/6&#8243;][\/vc_column_inner][\/vc_row_inner][\/vc_tta_section][vc_tta_section i_icon_fontawesome=&#8221;fas fa-suitcase&#8221; add_icon=&#8221;true&#8221; title=&#8221;References&#8221; tab_id=&#8221;references&#8221;][vc_row_inner][vc_column_inner width=&#8221;1\/4&#8243;][vc_single_image source=&#8221;external_link&#8221; custom_src=&#8221;https:\/\/soscocukkoyu.org\/wp-content\/uploads\/2022\/03\/sos-logo-new-tr.png&#8221;][\/vc_column_inner][vc_column_inner width=&#8221;1\/4&#8243;][vc_single_image source=&#8221;external_link&#8221; custom_src=&#8221;https:\/\/www.tiyatroaklakara.com\/images\/logo1.jpg&#8221;][\/vc_column_inner][vc_column_inner width=&#8221;1\/4&#8243;][vc_single_image source=&#8221;external_link&#8221; custom_src=&#8221;https:\/\/www.canbekcan.com\/wp-content\/uploads\/2022\/11\/CDM-Logo.png&#8221;][\/vc_column_inner][vc_column_inner width=&#8221;1\/4&#8243;][\/vc_column_inner][\/vc_row_inner][\/vc_tta_section][\/vc_tta_tabs][vc_empty_space height=&#8221;45px&#8221;][\/vc_column][\/vc_row]<\/p>\n<\/div>","protected":false},"excerpt":{"rendered":"<p>[vc_section css=&#8221;.vc_custom_1657891863813{border-bottom-width: 5px !important;padding-right: 40px !important;padding-left: 40px !important;background-color: #2b2b2b !important;border-bottom-color: #dd3333 !important;border-bottom-style: solid !important;}&#8221;][vc_row css=&#8221;.vc_custom_1646562580478{padding-right: 40px !important;padding-left: 40px !important;}&#8221;][vc_column][vc_empty_space height=&#8221;40px&#8221;][vc_custom_heading [&hellip;]<\/p>\n","protected":false},"author":1,"featured_media":0,"parent":0,"menu_order":0,"comment_status":"open","ping_status":"closed","template":"page-pagebuilder.php","meta":{"footnotes":""},"class_list":["post-180","page","type-page","status-publish","hentry"],"_links":{"self":[{"href":"https:\/\/canbekcan.com\/en\/wp-json\/wp\/v2\/pages\/180","targetHints":{"allow":["GET"]}}],"collection":[{"href":"https:\/\/canbekcan.com\/en\/wp-json\/wp\/v2\/pages"}],"about":[{"href":"https:\/\/canbekcan.com\/en\/wp-json\/wp\/v2\/types\/page"}],"author":[{"embeddable":true,"href":"https:\/\/canbekcan.com\/en\/wp-json\/wp\/v2\/users\/1"}],"replies":[{"embeddable":true,"href":"https:\/\/canbekcan.com\/en\/wp-json\/wp\/v2\/comments?post=180"}],"version-history":[{"count":0,"href":"https:\/\/canbekcan.com\/en\/wp-json\/wp\/v2\/pages\/180\/revisions"}],"wp:attachment":[{"href":"https:\/\/canbekcan.com\/en\/wp-json\/wp\/v2\/media?parent=180"}],"curies":[{"name":"wp","href":"https:\/\/api.w.org\/{rel}","templated":true}]}}