{"id":2510,"date":"2018-11-16T00:18:06","date_gmt":"2018-11-15T21:18:06","guid":{"rendered":"http:\/\/www.canbekcan.com\/?page_id=2510"},"modified":"2026-01-16T08:32:50","modified_gmt":"2026-01-16T08:32:50","slug":"cv","status":"publish","type":"page","link":"https:\/\/canbekcan.com\/en\/","title":{"rendered":"Academic CV"},"content":{"rendered":"<div class=\"wpb-content-wrapper\"><p>[vc_section css=&#8221;.vc_custom_1766808892672{margin-top: 0px !important;margin-right: 0px !important;margin-bottom: 0px !important;margin-left: 0px !important;padding-top: 0px !important;padding-right: 0px !important;padding-bottom: 0px !important;padding-left: 0px !important;background-color: #262630 !important;}&#8221;][vc_row css=&#8221;.vc_custom_1694890029127{margin-top: 0px !important;margin-right: 0px !important;margin-left: 0px !important;padding-top: 0px !important;padding-right: 0px !important;padding-bottom: 0px !important;padding-left: 0px !important;}&#8221;][vc_column width=&#8221;1\/4&#8243; css=&#8221;.vc_custom_1694889662204{margin-top: 0px !important;margin-right: 0px !important;margin-bottom: 0px !important;margin-left: 0px !important;padding-top: 0px !important;padding-right: 0px !important;padding-bottom: 0px !important;padding-left: 0px !important;}&#8221;][vc_single_image image=&#8221;3744&#8243; img_size=&#8221;full&#8221; css=&#8221;.vc_custom_1766808988551{margin-top: 0px !important;margin-right: 0px !important;margin-bottom: 0px !important;margin-left: 0px !important;padding-top: 0px !important;padding-right: 0px !important;padding-bottom: 0px !important;padding-left: 0px !important;}&#8221;][\/vc_column][vc_column width=&#8221;3\/4&#8243; css=&#8221;.vc_custom_1694889614806{margin-top: 10px !important;margin-bottom: 0px !important;border-bottom-width: 0px !important;padding-top: 40px !important;padding-right: 40px !important;padding-bottom: 40px !important;padding-left: 40px !important;}&#8221;][vc_custom_heading text=&#8221;Can Bekcan&#8221; font_container=&#8221;tag:h2|font_size:6em|text_align:justify|color:%23ffffff&#8221; use_theme_fonts=&#8221;yes&#8221;][vc_column_text css=&#8221;.vc_custom_1766809134801{margin-bottom: 0px !important;border-bottom-width: 0px !important;}&#8221;]<span style=\"color: #ffffff;\"><span style=\"color: #999999;\"><strong>TRNC:<\/strong><\/span> Eastern Mediterranean University, Faculty of Communication and Media Studies, Gazima\u011fusa &#8211; KKTC, Mersin 10 \/ T\u00fcrkiye<\/span><\/p>\n<p><span style=\"color: #ffffff;\"><span style=\"color: #999999;\"><strong>P:<\/strong><\/span><span style=\"color: #00ccff;\"> <a style=\"color: #00ccff;\" href=\"https:\/\/wa.me\/+905382760003\" target=\"_blank\" rel=\"noopener\">+90 538 276 0003<\/a>\u00a0\u00a0<\/span><\/span><span style=\"color: #ffffff;\"><span style=\"color: #999999;\"><strong>E:<\/strong><\/span> <span style=\"color: #00ccff;\">can@canbekcan.com \u00a0<\/span><\/span><\/p>\n<p><span style=\"color: #ffffff;\"><span style=\"color: #999999;\"><strong>W:<\/strong><\/span> <span style=\"color: #00ccff;\"><a style=\"color: #00ccff;\" href=\"http:\/\/www.canbekcan.com\" target=\"_blank\" rel=\"noopener noreferrer\">www.canbekcan.com<\/a><\/span> \u00a0 <span style=\"color: #999999;\"><strong>LinkedIn:<\/strong><\/span> <span style=\"color: #00ccff;\"><a style=\"color: #00ccff;\" href=\"http:\/\/www.linkedin.com\/in\/canbekcan\/\" target=\"_blank\" rel=\"noopener noreferrer\">www.linkedin.com\/in\/canbekcan\/<\/a><\/span><\/span>[\/vc_column_text][vc_empty_space][vc_row_inner][vc_column_inner width=&#8221;1\/3&#8243;][vc_raw_html css=&#8221;.vc_custom_1766808403180{margin-bottom: 23px !important;background-color: #FFDD00 !important;}&#8221;]JTNDY2VudGVyJTNFJTBBJTNDc2NyaXB0JTIwdHlwZSUzRCUyMnRleHQlMkZqYXZhc2NyaXB0JTIyJTIwc3JjJTNEJTIyaHR0cHMlM0ElMkYlMkZjZG5qcy5idXltZWFjb2ZmZWUuY29tJTJGMS4wLjAlMkZidXR0b24ucHJvZC5taW4uanMlMjIlMjBkYXRhLW5hbWUlM0QlMjJibWMtYnV0dG9uJTIyJTIwZGF0YS1zbHVnJTNEJTIyY2FuYmVrY2FuJTIyJTIwZGF0YS1jb2xvciUzRCUyMiUyM0ZGREQwMCUyMiUyMGRhdGEtZW1vamklM0QlMjIlRTIlOTglOTUlMjIlMjAlMjBkYXRhLWZvbnQlM0QlMjJDb29raWUlMjIlMjBkYXRhLXRleHQlM0QlMjJCdXklMjBtZSUyMGElMjBjb2ZmZWUlMjIlMjBkYXRhLW91dGxpbmUtY29sb3IlM0QlMjIlMjMwMDAwMDAlMjIlMjBkYXRhLWZvbnQtY29sb3IlM0QlMjIlMjMwMDAwMDAlMjIlMjBkYXRhLWNvZmZlZS1jb2xvciUzRCUyMiUyM2ZmZmZmZiUyMiUyMCUzRSUzQyUyRnNjcmlwdCUzRSUwQSUzQyUyRmNlbnRlciUzRQ==[\/vc_raw_html][\/vc_column_inner][vc_column_inner width=&#8221;1\/3&#8243;][vc_btn title=&#8221;Discord Channel&#8221; style=&#8221;flat&#8221; shape=&#8221;square&#8221; color=&#8221;violet&#8221; size=&#8221;lg&#8221; align=&#8221;center&#8221; i_icon_fontawesome=&#8221;fa fa-brands fa-discord&#8221; css_animation=&#8221;none&#8221; css=&#8221;&#8221; button_block=&#8221;true&#8221; add_icon=&#8221;true&#8221; link=&#8221;url:http%3A%2F%2Fdiscord.gg%2Far8aq7u6zN&#8221;][\/vc_column_inner][vc_column_inner width=&#8221;1\/3&#8243;][vc_btn title=&#8221;WhatsApp Community&#8221; style=&#8221;flat&#8221; shape=&#8221;square&#8221; color=&#8221;green&#8221; size=&#8221;lg&#8221; align=&#8221;center&#8221; i_icon_fontawesome=&#8221;fa fa-brands fa-whatsapp&#8221; css=&#8221;&#8221; button_block=&#8221;true&#8221; add_icon=&#8221;true&#8221; link=&#8221;url:https%3A%2F%2Fchat.whatsapp.com%2FCY8nNhMIJoMH6HutXTKdmZ&#8221;][\/vc_column_inner][\/vc_row_inner][\/vc_column][\/vc_row][\/vc_section][vc_section content_placement=&#8221;middle&#8221; css=&#8221;.vc_custom_1542315396988{padding-right: 20px !important;padding-left: 20px !important;}&#8221;][vc_row css=&#8221;.vc_custom_1542316319053{padding: 10px !important;}&#8221;][vc_column width=&#8221;1\/4&#8243;][vc_custom_heading text=&#8221;Education&#8221; font_container=&#8221;tag:h2|text_align:center|line_height:bold&#8221; use_theme_fonts=&#8221;yes&#8221;][vc_empty_space height=&#8221;50px&#8221;][\/vc_column][vc_column width=&#8221;1\/2&#8243;]<ul class=\"ul-card \">\n\t\t\t<li class=\"\"><div class=\"dy\">\n\t\t\t\t<span class=\"degree\">PhD<\/span>\n\t\t\t\t<span class=\"year\">Leave<\/span><\/div>\n\t\t\t\t<div class=\"description\">\n\t\t\t\t<p class=\"what\">Communication and Media Studies<\/p>\n\t\t\t<p class=\"where\">Eastern Mediterranean University<\/p><\/div>\n\t\t\t<\/li>\n\t\t\t<li class=\"\"><div class=\"dy\">\n\t\t\t\t<span class=\"degree\">MA<\/span>\n\t\t\t\t<span class=\"year\">2017<\/span><\/div>\n\t\t\t\t<div class=\"description\">\n\t\t\t\t<p class=\"what\">Communication and Media Studies<\/p>\n\t\t\t<p class=\"where\">Eastern Mediterranean University<\/p><\/div>\n\t\t\t<\/li>\n\t\t\t<li class=\"\"><div class=\"dy\">\n\t\t\t\t<span class=\"degree\">BA<\/span>\n\t\t\t\t<span class=\"year\">2010<\/span><\/div>\n\t\t\t\t<div class=\"description\">\n\t\t\t\t<p class=\"what\">Radio, TV and Film Studies<\/p>\n\t\t\t<p class=\"where\">Eastern Mediterranean University<\/p><\/div>\n\t\t\t<\/li><\/ul>[\/vc_column][vc_column width=&#8221;1\/4&#8243;][\/vc_column][\/vc_row][vc_row][vc_column][vc_empty_space height=&#8221;50px&#8221;][vc_separator border_width=&#8221;3&#8243; el_width=&#8221;90&#8243;][\/vc_column][\/vc_row][vc_row css=&#8221;.vc_custom_1542311463166{padding-top: 10px !important;padding-right: 10px !important;padding-bottom: 10px !important;padding-left: 10px !important;}&#8221;][vc_column width=&#8221;1\/4&#8243;][vc_custom_heading text=&#8221;Academical Experiences&#8221; font_container=&#8221;tag:h2|text_align:center|line_height:bold&#8221; use_theme_fonts=&#8221;yes&#8221;][vc_empty_space height=&#8221;50px&#8221;][\/vc_column][vc_column width=&#8221;1\/2&#8243;]<ul class=\"ul-dates \">\n\t\t\t<li class=\"\">\n\t\t\t\t<div class=\"dates\"><span>Present<\/span><span>2022<\/span><\/div>\n\t\t\t\t<div class=\"content\"><h4>Senior Instructor<\/h4><p><a href=\"https:\/\/fcms.emu.edu.tr\/en\/about-us\/staff\/staff-detail?sid=309&amp;n=can-bekcan\" target=\"_blank\" rel=\"noopener noreferrer\">Eastern Mediterranean University<\/a><\/p>\n<h4><strong><a href=\"https:\/\/www.canbekcan.com\/en\/courses\/\">Courses<\/a>:<\/strong><\/h4>\n<h5>COMM142 &#8211; Basic Photography<\/h5>\n<h5>COMM201 &#8211; History of Communication<\/h5>\n<h5>COMM208 &#8211; Communication Theories<\/h5>\n<h5>COMM321 &#8211; Intercultural Communication Skills<\/h5>\n<h5>COMM322 &#8211; Interpersonal Communication Skills<\/h5>\n<h5><a href=\"https:\/\/www.canbekcan.com\/en\/courses\/social-media-and-communication\/\">NMEJ103 &#8211; Social Media and Communication<\/a><\/h5>\n<h5><a href=\"https:\/\/www.canbekcan.com\/en\/courses\/creating-news-portal\/\">NMEJ107 &#8211; Creating News Portal<\/a><\/h5>\n<h5>NMEJ108 &#8211; Video and Sound Production<\/h5>\n<h5><a href=\"https:\/\/www.canbekcan.com\/en\/courses\/social-media-data-mining\/\" target=\"_blank\" rel=\"noopener\">NMEJ205 &#8211; Social Media Data Mining<\/a><\/h5>\n<h5>NMEJ213 &#8211; Social Media Planning<\/h5>\n<h5><a href=\"https:\/\/www.canbekcan.com\/en\/courses\/news-editing-techniques\/\">NMEJ252 &#8211; News Editing Techniques<\/a><\/h5>\n<h5><a href=\"https:\/\/www.canbekcan.com\/en\/courses\/data-journalism\/\" target=\"_blank\" rel=\"noopener\">NMEJ311 &#8211; Data Journalism<\/a><\/h5>\n<h5>NMEJ321 &#8211; Video Journalism<\/h5>\n<h5>NMEJ352 &#8211; Varieties of Story Telling<\/h5>\n<h5>NMEJ360 &#8211; Alternative Media in the Information Era<\/h5>\n<h5>NMEJ383 &#8211; Newspaper Design<\/h5>\n<h5>NMEJ384 &#8211; Internet Journalism<\/h5>\n<hr \/>\n<p class=\"qrShPb pXs6bb PZPZlf q8U8x aTI8gc hNKfZe\" data-dtype=\"d3ifr\" data-local-attribute=\"d3bn\" data-attrid=\"title\" data-ved=\"2ahUKEwjjg8S0pvmHAxUwcvEDHZEkAxEQ3B0oAHoECEcQAQ\"><a href=\"https:\/\/arucad.edu.tr\/en\/\" target=\"_blank\" rel=\"noopener\">Arkin University of Creative Arts and Design<\/a><\/p>\n<h4><strong><a href=\"https:\/\/www.canbekcan.com\/en\/courses\/\">Courses<\/a>:<\/strong><\/h4>\n<h5>YMED102 \u2013 Web Technologies<\/h5>\n<h5>YMED103 \/ PHVD111 \u2013 Basic Photography<\/h5>\n<h5>G\u0130TA132 \u2013 Computer Graphics and Images<\/h5>\n<h5>YMED204 \u2013 Interaction Design<\/h5>\n<h5>DIME301 \u2013 Writing Skills<\/h5>\n<p><\/p><\/div>\n\t\t\t<\/li>\n\t\t\t<li class=\"\">\n\t\t\t\t<div class=\"dates\"><span>2022<\/span><span>2015<\/span><\/div>\n\t\t\t\t<div class=\"content\"><h4>Research Assistant<\/h4><p><a href=\"https:\/\/fcms.emu.edu.tr\/en\/about-us\/staff\/staff-detail?sid=309&amp;n=can-bekcan\" target=\"_blank\" rel=\"noopener noreferrer\">Eastern Mediterranean University<\/a><\/p>\n<h4><strong>Teaching:<\/strong><\/h4>\n<h5>NMEJ107 \/ Creating News Portal<\/h5>\n<h5>NMEJ108 \/ Video and Sound Production<\/h5>\n<h5>NMEJ205 \/ Social Media Data Mining<\/h5>\n<h5>NMEJ252 \/ News Editing Techniques<\/h5>\n<h5>NMEJ321 \/ Video Journalism<\/h5>\n<h5>NMEJ384 \/ Internet Journalism<\/h5>\n<h4><strong>Workshop :<\/strong><\/h4>\n<h5>Basic Editing Workshop<\/h5>\n<h5>Eco-Journalism Workshop<\/h5>\n<p><\/p><\/div>\n\t\t\t<\/li>\n\t\t\t<li class=\"\">\n\t\t\t\t<div class=\"dates\"><span>2015<\/span><span>2014<\/span><\/div>\n\t\t\t\t<div class=\"content\"><h4>Teaching Assistant<\/h4><p><a href=\"https:\/\/fcms.emu.edu.tr\/en\/about-us\/staff\/staff-detail?sid=309&amp;n=can-bekcan\" target=\"_blank\" rel=\"noopener noreferrer\">Eastern Mediterranean University<\/a><\/p>\n<h5><strong>Assist Courses:<\/strong><\/h5>\n<h5>RTVF519 &#8211; Producing the News: Digital Journalism and Social Media<\/h5>\n<h5>RTVF505 &#8211; New Social Media Literacies<\/h5>\n<h5>RTVF502 &#8211; Video Production: Studio and Field<\/h5>\n<h5>COMM341 &#8211; Advanced Photography<\/h5>\n<p><\/p><\/div>\n\t\t\t<\/li><\/ul>[\/vc_column][vc_column width=&#8221;1\/4&#8243;][\/vc_column][\/vc_row][vc_row][vc_column][vc_separator border_width=&#8221;3&#8243; el_width=&#8221;90&#8243;][\/vc_column][\/vc_row][vc_row css=&#8221;.vc_custom_1542316246267{padding: 10px !important;}&#8221;][vc_column width=&#8221;1\/4&#8243;][vc_custom_heading text=&#8221;Work Experiences&#8221; font_container=&#8221;tag:h2|text_align:center|line_height:bold&#8221; use_theme_fonts=&#8221;yes&#8221;][vc_empty_space height=&#8221;50px&#8221;][\/vc_column][vc_column width=&#8221;1\/2&#8243;]<ul class=\"ul-dates \">\n\t\t\t<li class=\"\">\n\t\t\t\t<div class=\"dates\"><span>2025<\/span><span>2023<\/span><\/div>\n\t\t\t\t<div class=\"content\"><h4><a href=\"http:\/\/cyprusdivemagazine.com\" target=\"_blank\">Editor in Chief<\/a><\/h4><p><a href=\"http:\/\/cyprusdivemagazine.com\" target=\"_blank\" rel=\"noopener\">Cyprus Dive Magazine<\/a><\/p><\/div>\n\t\t\t<\/li>\n\t\t\t<li class=\"\">\n\t\t\t\t<div class=\"dates\"><span>Present<\/span><span>2022<\/span><\/div>\n\t\t\t\t<div class=\"content\"><h4><a href=\"https:\/\/www.canbekcan.com\/en\/my-works\/\" target=\"\">Communication Specialist<\/a><\/h4><p>Freelance<\/p><\/div>\n\t\t\t<\/li>\n\t\t\t<li class=\"\">\n\t\t\t\t<div class=\"dates\"><span>Present<\/span><span>2016<\/span><\/div>\n\t\t\t\t<div class=\"content\"><h4><a href=\"https:\/\/www.canbekcan.com\/en\/scuba\/\" target=\"\">IDC Staff Instructor<\/a><\/h4><p><a href=\"http:\/\/padi.canbekcan.com\" target=\"_blank\" rel=\"noopener noreferrer\">PADI<\/a><\/p><\/div>\n\t\t\t<\/li>\n\t\t\t<li class=\"\">\n\t\t\t\t<div class=\"dates\"><span>2022<\/span><span>2019<\/span><\/div>\n\t\t\t\t<div class=\"content\"><h4>Editor in Chief<\/h4><p><a href=\"https:\/\/gundem.emu.edu.tr\/en\" target=\"_blank\" rel=\"noopener noreferrer\">EMU G\u00fcndem Newspaper<\/a><\/p><\/div>\n\t\t\t<\/li>\n\t\t\t<li class=\"\">\n\t\t\t\t<div class=\"dates\"><span>2014<\/span><span>2012<\/span><\/div>\n\t\t\t\t<div class=\"content\"><h4>Project Manager<\/h4><p>Ajans CBC Medya Hizmetleri<\/p><\/div>\n\t\t\t<\/li>\n\t\t\t<li class=\"\">\n\t\t\t\t<div class=\"dates\"><span>2012<\/span><span>2011<\/span><\/div>\n\t\t\t\t<div class=\"content\"><h4>Cameraman<\/h4><p><a href=\"https:\/\/linehaber.com.tr\" target=\"_blank\" rel=\"noopener noreferrer\">LineTV<\/a><\/p><\/div>\n\t\t\t<\/li>\n\t\t\t<li class=\"\">\n\t\t\t\t<div class=\"dates\"><span>2011<\/span><span>2011<\/span><\/div>\n\t\t\t\t<div class=\"content\"><h4>Producer<\/h4><p>Bidolu TV<\/p><\/div>\n\t\t\t<\/li>\n\t\t\t<li class=\"\">\n\t\t\t\t<div class=\"dates\"><span>2011<\/span><span>2011<\/span><\/div>\n\t\t\t\t<div class=\"content\"><h4>Editor<\/h4><p><a href=\"http:\/\/www.35mm.com.tr\" target=\"_blank\" rel=\"noopener noreferrer\">35mm St\u00fcdyo Hizmetleri<\/a><\/p><\/div>\n\t\t\t<\/li><\/ul>[\/vc_column][vc_column width=&#8221;1\/4&#8243;][\/vc_column][\/vc_row][vc_row][vc_column][vc_separator border_width=&#8221;3&#8243; el_width=&#8221;90&#8243;][\/vc_column][\/vc_row][vc_row css=&#8221;.vc_custom_1542316278459{padding: 10px !important;}&#8221;][vc_column width=&#8221;1\/4&#8243;][vc_custom_heading text=&#8221;Publications&#8221; font_container=&#8221;tag:h2|text_align:center|line_height:bold&#8221; use_theme_fonts=&#8221;yes&#8221;][vc_empty_space height=&#8221;50px&#8221;][\/vc_column][vc_column width=&#8221;1\/2&#8243;][vc_tta_accordion active_section=&#8221;&#8221; collapsible_all=&#8221;true&#8221;][vc_tta_section title=&#8221;2019&#8243; tab_id=&#8221;1599813645656-e4c285f8-f2c0&#8243;]<div class=\"fac-publications\"><div class=\"pitems\"><div class=\"item\"><div class=\"pubmain pub-has-thumbnail\"><div class=\"pub-thumb\"><img loading=\"lazy\" decoding=\"async\" width=\"214\" height=\"300\" src=\"https:\/\/canbekcan.com\/en\/wp-content\/uploads\/sites\/2\/2019\/09\/TR-Info-214x300.png\" class=\"attachment-medium size-medium wp-post-image\" alt=\"\" srcset=\"https:\/\/canbekcan.com\/en\/wp-content\/uploads\/sites\/2\/2019\/09\/TR-Info-214x300.png 214w, https:\/\/canbekcan.com\/en\/wp-content\/uploads\/sites\/2\/2019\/09\/TR-Info-732x1024.png 732w, https:\/\/canbekcan.com\/en\/wp-content\/uploads\/sites\/2\/2019\/09\/TR-Info-768x1074.png 768w, https:\/\/canbekcan.com\/en\/wp-content\/uploads\/sites\/2\/2019\/09\/TR-Info.png 872w\" sizes=\"auto, (max-width: 214px) 100vw, 214px\" \/><\/div><!-- .pub-thumb --><div class=\"pub-contents\"><h4 class=\"pubtitle\"><a href=\"https:\/\/www.canbekcan.com\/?post_type=publications&#038;p=2829\">Civil Disobedience in Spain: Comparison of BBC\u2019s and TRT\u2019s Representation of Catalan Autonomy<\/a><\/h4><div class=\"pubcontents\"><a href=\"https:\/\/canbekcan.com\/en\/pubtype\/book-chapter\/\"><span class=\"label label-warning\">Book Chapter<\/span><\/a><div class=\"pubauthor\">Bekcan, C.<\/div><!-- .pubauthor --><div class=\"pubcite\">Bekcan, C. (2019). Civil Disobedience in Spain: Comparison of BBC\u2019s and TRT\u2019s Representation of Catalan Autonomy. In M. Ersoy, N. T\u00fcrksoy, B. \u00d6zad, \u00dc. Kuto\u011flu Kuru\u00e7, A. Arsoy, E. Alu\u00e7, & C. Bekcan (Ed.), 5th International Conference in Communication and Media Studies (Think, Talk, Cultivate Peace) (pp. 13-19). Famagusta: EMU Press.<\/div><!-- .pubcite --><div class=\"pubyear\">Publication year: 2019<\/div><!-- .pubyear --><\/div><!-- .pubcontents --><\/div><!-- .pub-contents --><div class=\"clearfix\"><\/div><\/div><!-- .pubmain --><\/div><!-- .item --><\/div><!-- .pitems --><\/div><!-- .fac-publications -->[\/vc_tta_section][vc_tta_section title=&#8221;2017&#8243; tab_id=&#8221;1599813645657-7ee350c0-bec9&#8243;]<div class=\"fac-publications\"><\/div><!-- .fac-publications --><div class=\"fac-publications\"><div class=\"pitems\"><div class=\"item\"><div class=\"pubmain pub-has-thumbnail\"><div class=\"pub-thumb\"><img loading=\"lazy\" decoding=\"async\" width=\"300\" height=\"300\" src=\"https:\/\/canbekcan.com\/en\/wp-content\/uploads\/sites\/2\/2017\/09\/SANY0033-2-300x300.jpg\" class=\"attachment-medium size-medium wp-post-image\" alt=\"Tez\" srcset=\"https:\/\/canbekcan.com\/en\/wp-content\/uploads\/sites\/2\/2017\/09\/SANY0033-2-300x300.jpg 300w, https:\/\/canbekcan.com\/en\/wp-content\/uploads\/sites\/2\/2017\/09\/SANY0033-2-150x150.jpg 150w, https:\/\/canbekcan.com\/en\/wp-content\/uploads\/sites\/2\/2017\/09\/SANY0033-2-768x768.jpg 768w, https:\/\/canbekcan.com\/en\/wp-content\/uploads\/sites\/2\/2017\/09\/SANY0033-2-80x80.jpg 80w, https:\/\/canbekcan.com\/en\/wp-content\/uploads\/sites\/2\/2017\/09\/SANY0033-2.jpg 1000w\" sizes=\"auto, (max-width: 300px) 100vw, 300px\" \/><\/div><!-- .pub-thumb --><div class=\"pub-contents\"><h4 class=\"pubtitle\"><a href=\"http:\/\/www.canbekcan.com\/?post_type=publications&#038;p=1933\">Ethical Issues in Political News Coverage: A Case Study of 2015 General Elections in Turkey<\/a><\/h4><div class=\"pubcontents\"><a href=\"https:\/\/canbekcan.com\/en\/pubtype\/ma-thesis\/\"><span class=\"label label-warning\">MA Thesis<\/span><\/a><div class=\"pubauthor\">Can Bekcan<\/div><!-- .pubauthor --><div class=\"pubcite\">Bekcan, C. (2017). Ethical Issues in Political News Coverage: A Case Study of 2015 General Elections in Turkey. Famagusta. EMU Press.<\/div><!-- .pubcite --><div class=\"pubyear\">Publication year: 2017<\/div><!-- .pubyear --><\/div><!-- .pubcontents --><\/div><!-- .pub-contents --><div class=\"clearfix\"><\/div><\/div><!-- .pubmain --><\/div><!-- .item --><\/div><!-- .pitems --><\/div><!-- .fac-publications -->[\/vc_tta_section][\/vc_tta_accordion][\/vc_column][vc_column width=&#8221;1\/4&#8243;][\/vc_column][\/vc_row][vc_row][vc_column][vc_separator border_width=&#8221;3&#8243; el_width=&#8221;90&#8243;][\/vc_column][\/vc_row][vc_row css=&#8221;.vc_custom_1542316260679{padding: 10px !important;}&#8221;][vc_column width=&#8221;1\/4&#8243;][vc_custom_heading text=&#8221;Projects&#8221; font_container=&#8221;tag:h2|text_align:center|line_height:bold&#8221; use_theme_fonts=&#8221;yes&#8221;][vc_empty_space height=&#8221;50px&#8221;][\/vc_column][vc_column width=&#8221;1\/2&#8243;]<ul class=\"ul-dates \">\n\t\t\t<li class=\"\">\n\t\t\t\t<div class=\"dates\"><span>Present<\/span><span>2021<\/span><\/div>\n\t\t\t\t<div class=\"content\"><h4>Founder<\/h4><p><a href=\"https:\/\/cyprusdivemagazine.com\" target=\"_blank\" rel=\"noopener\">Cyprus Dive Magazine<\/a><\/p><\/div>\n\t\t\t<\/li>\n\t\t\t<li class=\"\">\n\t\t\t\t<div class=\"dates\"><span>Present<\/span><span>2018<\/span><\/div>\n\t\t\t\t<div class=\"content\"><h4>Founder<\/h4><p><a href=\"https:\/\/www.banabirsebepver.com\" target=\"_blank\" rel=\"noopener\">Bana Bir Sebep Ver<\/a><\/p><\/div>\n\t\t\t<\/li><\/ul>[\/vc_column][vc_column width=&#8221;1\/4&#8243;][\/vc_column][\/vc_row][vc_row][vc_column][vc_separator border_width=&#8221;3&#8243; el_width=&#8221;90&#8243;][\/vc_column][\/vc_row][vc_row css=&#8221;.vc_custom_1542316269636{padding: 10px !important;}&#8221;][vc_column width=&#8221;1\/4&#8243;][vc_custom_heading text=&#8221;Memberships&#8221; font_container=&#8221;tag:h2|text_align:center|line_height:bold&#8221; use_theme_fonts=&#8221;yes&#8221;][vc_empty_space height=&#8221;50px&#8221;][\/vc_column][vc_column width=&#8221;1\/2&#8243;]<ul class=\"ul-dates \">\n\t\t\t<li class=\"\">\n\t\t\t\t<div class=\"dates\"><span>Present<\/span><span>2016<\/span><\/div>\n\t\t\t\t<div class=\"content\"><h4>Individual Member<\/h4><p><a href=\"https:\/\/www.projectaware.org\" target=\"_blank\" rel=\"noopener noreferrer\">Project AWARE<\/a><\/p><\/div>\n\t\t\t<\/li>\n\t\t\t<li class=\"\">\n\t\t\t\t<div class=\"dates\"><span>2014<\/span><span>2004<\/span><\/div>\n\t\t\t\t<div class=\"content\"><h4>Individual Member<\/h4><p><a href=\"https:\/\/www.greenpeace.org\" target=\"_blank\" rel=\"noopener noreferrer\">GreenPeace<\/a><\/p><\/div>\n\t\t\t<\/li>\n\t\t\t<li class=\"\">\n\t\t\t\t<div class=\"dates\"><span>2021<\/span><span>2017<\/span><\/div>\n\t\t\t\t<div class=\"content\"><h4>Member of Executive Board<\/h4><p><a href=\"http:\/\/crcp.emu.edu.tr\" target=\"_blank\" rel=\"noopener noreferrer\">Center of Research and Communication for Peace<\/a><\/p><\/div>\n\t\t\t<\/li>\n\t\t\t<li class=\"\">\n\t\t\t\t<div class=\"dates\"><span>2012<\/span><span>2011<\/span><\/div>\n\t\t\t\t<div class=\"content\"><h4>Member<\/h4><p><a href=\"http:\/\/www.cgd.org.tr\" target=\"_blank\" rel=\"noopener noreferrer\">Bursa Progressive Journalists Association<\/a><\/p><\/div>\n\t\t\t<\/li>\n\t\t\t<li class=\"\">\n\t\t\t\t<div class=\"dates\"><span>2003<\/span><span>2002<\/span><\/div>\n\t\t\t\t<div class=\"content\"><h4>Member of Executive Board<\/h4><p>Bursa Cinema Association<\/p><\/div>\n\t\t\t<\/li>\n\t\t\t<li class=\"\">\n\t\t\t\t<div class=\"dates\"><span>2002<\/span><span>2001<\/span><\/div>\n\t\t\t\t<div class=\"content\"><h4>Member of Executive Board<\/h4><p><a href=\"http:\/\/www.bursakentkonseyi.org.tr\/meclisler\/icerik\/bursa-kent-konseyi-genclik-meclisi\" target=\"_blank\" rel=\"noopener noreferrer\">Bursa Youth Council<\/a><\/p><\/div>\n\t\t\t<\/li><\/ul>[\/vc_column][vc_column width=&#8221;1\/4&#8243;][\/vc_column][\/vc_row][vc_row][vc_column][vc_separator border_width=&#8221;3&#8243; el_width=&#8221;90&#8243;][\/vc_column][\/vc_row][vc_row css=&#8221;.vc_custom_1542316278459{padding: 10px !important;}&#8221;][vc_column width=&#8221;1\/4&#8243;][vc_custom_heading text=&#8221;Conference Presentations&#8221; font_container=&#8221;tag:h2|text_align:center|line_height:bold&#8221; use_theme_fonts=&#8221;yes&#8221;][vc_empty_space height=&#8221;50px&#8221;][\/vc_column][vc_column width=&#8221;1\/2&#8243;][vc_tta_accordion active_section=&#8221;&#8221; collapsible_all=&#8221;true&#8221;][vc_tta_section title=&#8221;2018&#8243; tab_id=&#8221;1604436842203-35996d44-0e0f&#8221;][vc_column_text]Civil Disobedience in Spain: Comparison of BBC\u2019s and TRT\u2019s Representation of Catalan Autonomy &#8211;\u00a0<a href=\"http:\/\/crcp.emu.edu.tr\" target=\"_blank\" rel=\"noopener noreferrer\">5. International Conference in Communication and Media Studies<\/a>[\/vc_column_text][\/vc_tta_section][\/vc_tta_accordion][\/vc_column][vc_column width=&#8221;1\/4&#8243;][\/vc_column][\/vc_row][vc_row][vc_column][vc_separator border_width=&#8221;3&#8243; el_width=&#8221;90&#8243;][\/vc_column][\/vc_row][vc_row css=&#8221;.vc_custom_1542316278459{padding: 10px !important;}&#8221;][vc_column width=&#8221;1\/4&#8243;][vc_custom_heading text=&#8221;Conference Organizing&#8221; font_container=&#8221;tag:h2|text_align:center|line_height:bold&#8221; use_theme_fonts=&#8221;yes&#8221;][vc_empty_space height=&#8221;50px&#8221;][\/vc_column][vc_column width=&#8221;1\/2&#8243;][vc_tta_accordion active_section=&#8221;&#8221; collapsible_all=&#8221;true&#8221;][vc_tta_section title=&#8221;2018&#8243; tab_id=&#8221;1604436570380-a26e4c14-0f36&#8243;][vc_column_text]<a href=\"http:\/\/crcp.emu.edu.tr\" target=\"_blank\" rel=\"noopener noreferrer\">5. International Conference in Communication and Media Studies<\/a>[\/vc_column_text][\/vc_tta_section][\/vc_tta_accordion][\/vc_column][vc_column width=&#8221;1\/4&#8243;][\/vc_column][\/vc_row][vc_row][vc_column][vc_separator border_width=&#8221;3&#8243; el_width=&#8221;90&#8243;][\/vc_column][\/vc_row][vc_row css=&#8221;.vc_custom_1542316278459{padding: 10px !important;}&#8221;][vc_column width=&#8221;1\/4&#8243;][vc_custom_heading text=&#8221;Languages&#8221; font_container=&#8221;tag:h2|text_align:center|line_height:bold&#8221; use_theme_fonts=&#8221;yes&#8221;][vc_empty_space height=&#8221;50px&#8221;][\/vc_column][vc_column width=&#8221;1\/2&#8243;]<ul class=\"list-unstyled\">\n\t\t\t<li class=\"\">\n\t\t\t\t<strong><i class=\"fa fas fa-scroll\"><\/i>&nbsp;&nbsp;<\/strong>\n\t\t\t\t<span>Turkish (Native)<\/span>\n\t\t\t<\/li>\n\t\t\t<li class=\"\">\n\t\t\t\t<strong><i class=\"fa fas fa-scroll\"><\/i>&nbsp;&nbsp;<\/strong>\n\t\t\t\t<span>English (Advance)<\/span>\n\t\t\t<\/li>\n\t\t\t<li class=\"\">\n\t\t\t\t<strong><i class=\"fa fas fa-scroll\"><\/i>&nbsp;&nbsp;<\/strong>\n\t\t\t\t<span>French (Beginner)<\/span>\n\t\t\t<\/li><\/ul>[\/vc_column][vc_column width=&#8221;1\/4&#8243;][\/vc_column][\/vc_row][\/vc_section]<\/p>\n<\/div>","protected":false},"excerpt":{"rendered":"<p>[vc_section css=&#8221;.vc_custom_1766808892672{margin-top: 0px !important;margin-right: 0px !important;margin-bottom: 0px !important;margin-left: 0px !important;padding-top: 0px !important;padding-right: 0px !important;padding-bottom: 0px !important;padding-left: 0px !important;background-color: #262630 !important;}&#8221;][vc_row [&hellip;]<\/p>\n","protected":false},"author":1,"featured_media":0,"parent":0,"menu_order":0,"comment_status":"closed","ping_status":"closed","template":"page-pagebuilder.php","meta":{"footnotes":""},"class_list":["post-2510","page","type-page","status-publish","hentry"],"_links":{"self":[{"href":"https:\/\/canbekcan.com\/en\/wp-json\/wp\/v2\/pages\/2510","targetHints":{"allow":["GET"]}}],"collection":[{"href":"https:\/\/canbekcan.com\/en\/wp-json\/wp\/v2\/pages"}],"about":[{"href":"https:\/\/canbekcan.com\/en\/wp-json\/wp\/v2\/types\/page"}],"author":[{"embeddable":true,"href":"https:\/\/canbekcan.com\/en\/wp-json\/wp\/v2\/users\/1"}],"replies":[{"embeddable":true,"href":"https:\/\/canbekcan.com\/en\/wp-json\/wp\/v2\/comments?post=2510"}],"version-history":[{"count":10,"href":"https:\/\/canbekcan.com\/en\/wp-json\/wp\/v2\/pages\/2510\/revisions"}],"predecessor-version":[{"id":3943,"href":"https:\/\/canbekcan.com\/en\/wp-json\/wp\/v2\/pages\/2510\/revisions\/3943"}],"wp:attachment":[{"href":"https:\/\/canbekcan.com\/en\/wp-json\/wp\/v2\/media?parent=2510"}],"curies":[{"name":"wp","href":"https:\/\/api.w.org\/{rel}","templated":true}]}}